{"id":21,"date":"2014-10-24T02:10:00","date_gmt":"2014-10-24T02:10:00","guid":{"rendered":"http:\/\/elprogreso.gob.ec\/azuay\/?page_id=21"},"modified":"2020-10-21T21:28:19","modified_gmt":"2020-10-22T01:28:19","slug":"ultimas-noticias","status":"publish","type":"page","link":"https:\/\/elprogreso.gob.ec\/azuay\/ultimas-noticias\/","title":{"rendered":"Ultimas Noticias"},"content":{"rendered":"\t\t<div data-elementor-type=\"wp-page\" data-elementor-id=\"21\" class=\"elementor elementor-21\" data-elementor-post-type=\"page\">\n\t\t\t\t\t\t<section class=\"elementor-section elementor-top-section elementor-element elementor-element-e23d9ee elementor-section-boxed elementor-section-height-default elementor-section-height-default\" data-id=\"e23d9ee\" data-element_type=\"section\" data-e-type=\"section\">\n\t\t\t\t\t\t<div class=\"elementor-container elementor-column-gap-default\">\n\t\t\t\t\t<div class=\"elementor-column elementor-col-100 elementor-top-column elementor-element elementor-element-57ef4c3\" data-id=\"57ef4c3\" data-element_type=\"column\" data-e-type=\"column\">\n\t\t\t<div class=\"elementor-widget-wrap elementor-element-populated\">\n\t\t\t\t\t\t<div class=\"elementor-element elementor-element-66dbb9a elementor-grid-3 elementor-grid-tablet-2 elementor-grid-mobile-1 elementor-posts--thumbnail-top elementor-card-shadow-yes elementor-posts__hover-gradient elementor-widget elementor-widget-posts\" data-id=\"66dbb9a\" data-element_type=\"widget\" data-e-type=\"widget\" data-settings=\"{&quot;cards_columns&quot;:&quot;3&quot;,&quot;cards_columns_tablet&quot;:&quot;2&quot;,&quot;cards_columns_mobile&quot;:&quot;1&quot;,&quot;cards_row_gap&quot;:{&quot;unit&quot;:&quot;px&quot;,&quot;size&quot;:35,&quot;sizes&quot;:[]},&quot;cards_row_gap_tablet&quot;:{&quot;unit&quot;:&quot;px&quot;,&quot;size&quot;:&quot;&quot;,&quot;sizes&quot;:[]},&quot;cards_row_gap_mobile&quot;:{&quot;unit&quot;:&quot;px&quot;,&quot;size&quot;:&quot;&quot;,&quot;sizes&quot;:[]}}\" data-widget_type=\"posts.cards\">\n\t\t\t\t<div class=\"elementor-widget-container\">\n\t\t\t\t\t\t\t<div class=\"elementor-posts-container elementor-posts elementor-posts--skin-cards elementor-grid\">\n\t\t\t\t<article class=\"elementor-post elementor-grid-item post-710 post type-post status-publish format-standard has-post-thumbnail hentry category-sin-categoria post-with-thumbnail post-with-thumbnail-large\">\n\t\t\t<div class=\"elementor-post__card\">\n\t\t\t\t<a class=\"elementor-post__thumbnail__link\" href=\"https:\/\/elprogreso.gob.ec\/azuay\/minga-en-comunidad-bella-aurora\/\" tabindex=\"-1\" ><div class=\"elementor-post__thumbnail\"><img fetchpriority=\"high\" decoding=\"async\" width=\"550\" height=\"253\" src=\"https:\/\/elprogreso.gob.ec\/azuay\/wp-content\/uploads\/2021\/07\/181871213_1539080416290668_599976104233981401_n-550x253.jpg\" class=\"attachment-medium size-medium wp-image-712\" alt=\"\" srcset=\"https:\/\/elprogreso.gob.ec\/azuay\/wp-content\/uploads\/2021\/07\/181871213_1539080416290668_599976104233981401_n-550x253.jpg 550w, https:\/\/elprogreso.gob.ec\/azuay\/wp-content\/uploads\/2021\/07\/181871213_1539080416290668_599976104233981401_n-1024x472.jpg 1024w, https:\/\/elprogreso.gob.ec\/azuay\/wp-content\/uploads\/2021\/07\/181871213_1539080416290668_599976104233981401_n-768x354.jpg 768w, https:\/\/elprogreso.gob.ec\/azuay\/wp-content\/uploads\/2021\/07\/181871213_1539080416290668_599976104233981401_n.jpg 1389w\" sizes=\"(max-width: 550px) 100vw, 550px\" \/><\/div><\/a>\n\t\t\t\t<div class=\"elementor-post__text\">\n\t\t\t\t<h3 class=\"elementor-post__title\">\n\t\t\t<a href=\"https:\/\/elprogreso.gob.ec\/azuay\/minga-en-comunidad-bella-aurora\/\" >\n\t\t\t\tMinga En Comunidad Bella Aurora\t\t\t<\/a>\n\t\t<\/h3>\n\t\t\t\t<div class=\"elementor-post__excerpt\">\n\t\t\t<p>Minga en comunidad Bella Aurora, que cont\u00f3 con la participaci\u00f3n del GAD parroquial, el Sr. Alcides Yunga presidente de la comunidad, el Sr. Sirilo Yunga y personal del sector minero que facilitaron la retroexcavadora, el comprensor, tambi\u00e9n se cont\u00f3 con la participaci\u00f3n de personal t\u00e9cnico capacitado que ayudaron con la nivelaci\u00f3n de las \u00e1reas donde<\/p>\n\t\t<\/div>\n\t\t\n\t\t<a class=\"elementor-post__read-more\" href=\"https:\/\/elprogreso.gob.ec\/azuay\/minga-en-comunidad-bella-aurora\/\" aria-label=\"Read more about Minga En Comunidad Bella Aurora\" tabindex=\"-1\" >\n\t\t\tLeer m\u00e1s \u00bb\t\t<\/a>\n\n\t\t\t\t<\/div>\n\t\t\t\t<div class=\"elementor-post__meta-data\">\n\t\t\t\t\t<span class=\"elementor-post-date\">\n\t\t\t15 julio, 2021\t\t<\/span>\n\t\t\t\t<\/div>\n\t\t\t\t\t<\/div>\n\t\t<\/article>\n\t\t\t\t<article class=\"elementor-post elementor-grid-item post-704 post type-post status-publish format-standard has-post-thumbnail hentry category-sin-categoria post-with-thumbnail post-with-thumbnail-large\">\n\t\t\t<div class=\"elementor-post__card\">\n\t\t\t\t<a class=\"elementor-post__thumbnail__link\" href=\"https:\/\/elprogreso.gob.ec\/azuay\/supervision-de-arreglo-vial\/\" tabindex=\"-1\" ><div class=\"elementor-post__thumbnail\"><img decoding=\"async\" width=\"550\" height=\"253\" src=\"https:\/\/elprogreso.gob.ec\/azuay\/wp-content\/uploads\/2021\/07\/181328428_1538304519701591_2338727054270736944_n-550x253.jpg\" class=\"attachment-medium size-medium wp-image-705\" alt=\"\" srcset=\"https:\/\/elprogreso.gob.ec\/azuay\/wp-content\/uploads\/2021\/07\/181328428_1538304519701591_2338727054270736944_n-550x253.jpg 550w, https:\/\/elprogreso.gob.ec\/azuay\/wp-content\/uploads\/2021\/07\/181328428_1538304519701591_2338727054270736944_n-1024x472.jpg 1024w, https:\/\/elprogreso.gob.ec\/azuay\/wp-content\/uploads\/2021\/07\/181328428_1538304519701591_2338727054270736944_n-768x354.jpg 768w, https:\/\/elprogreso.gob.ec\/azuay\/wp-content\/uploads\/2021\/07\/181328428_1538304519701591_2338727054270736944_n.jpg 1389w\" sizes=\"(max-width: 550px) 100vw, 550px\" \/><\/div><\/a>\n\t\t\t\t<div class=\"elementor-post__text\">\n\t\t\t\t<h3 class=\"elementor-post__title\">\n\t\t\t<a href=\"https:\/\/elprogreso.gob.ec\/azuay\/supervision-de-arreglo-vial\/\" >\n\t\t\t\tSupervisi\u00f3n De Arreglo Vial\t\t\t<\/a>\n\t\t<\/h3>\n\t\t\t\t<div class=\"elementor-post__excerpt\">\n\t\t\t<p>Supervisi\u00f3n de las actividades de arreglo vial, proyecto que se lleva a cabo con la ayuda de la Prefecta Soc. Cecilia M\u00e9ndez Mora,\u00a0 Alcalde Baldor Bermeo \u00a0y el GAD Parroquial, del cual se pretende alcanzar un aproximado de 30 km de mantenimiento vial para el bienestar y el desarrollo de nuestros pueblos.<\/p>\n\t\t<\/div>\n\t\t\n\t\t<a class=\"elementor-post__read-more\" href=\"https:\/\/elprogreso.gob.ec\/azuay\/supervision-de-arreglo-vial\/\" aria-label=\"Read more about Supervisi\u00f3n De Arreglo Vial\" tabindex=\"-1\" >\n\t\t\tLeer m\u00e1s \u00bb\t\t<\/a>\n\n\t\t\t\t<\/div>\n\t\t\t\t<div class=\"elementor-post__meta-data\">\n\t\t\t\t\t<span class=\"elementor-post-date\">\n\t\t\t15 julio, 2021\t\t<\/span>\n\t\t\t\t<\/div>\n\t\t\t\t\t<\/div>\n\t\t<\/article>\n\t\t\t\t<article class=\"elementor-post elementor-grid-item post-134 post type-post status-publish format-standard has-post-thumbnail hentry category-c36-ultimas-noticias post-with-thumbnail post-with-thumbnail-large\">\n\t\t\t<div class=\"elementor-post__card\">\n\t\t\t\t<a class=\"elementor-post__thumbnail__link\" href=\"https:\/\/elprogreso.gob.ec\/azuay\/fiestas-de-parroquializacion\/\" tabindex=\"-1\" ><div class=\"elementor-post__thumbnail\"><img decoding=\"async\" width=\"300\" height=\"225\" src=\"https:\/\/elprogreso.gob.ec\/azuay\/wp-content\/uploads\/2013\/10\/DSC01346-300x225.jpg\" class=\"attachment-medium size-medium wp-image-128\" alt=\"alt\" srcset=\"https:\/\/elprogreso.gob.ec\/azuay\/wp-content\/uploads\/2013\/10\/DSC01346-300x225.jpg 300w, https:\/\/elprogreso.gob.ec\/azuay\/wp-content\/uploads\/2013\/10\/DSC01346.JPG 640w\" sizes=\"(max-width: 300px) 100vw, 300px\" \/><\/div><\/a>\n\t\t\t\t<div class=\"elementor-post__text\">\n\t\t\t\t<h3 class=\"elementor-post__title\">\n\t\t\t<a href=\"https:\/\/elprogreso.gob.ec\/azuay\/fiestas-de-parroquializacion\/\" >\n\t\t\t\tFIESTAS DE PARROQUIALIZACION\t\t\t<\/a>\n\t\t<\/h3>\n\t\t\t\t<div class=\"elementor-post__excerpt\">\n\t\t\t<p>GOBIERNO AUTONOMO DESCENTRALIZADO PARROQUIAL RURAL EL PROGRESO EJECUCION DE PROYECTOS SOCIALES Y PRODUCTIVOS PLANIFICADOS EN EL PLAN OPERATIVO ANUAL DEL A\u00d1O 2013 &nbsp; 1.\u00a0\u00a0\u00a0\u00a0\u00a0 PROYECTO DE FORTALECIMIENTO EN EL AREA DE DESARROLLO ECONOMICO, AMBIENTAL Y DE DESARROLLO DE LA ESTRUCTURA ORGANIZATIVA EN LA COMUNIDAD DE YACUDEL<\/p>\n\t\t<\/div>\n\t\t\n\t\t<a class=\"elementor-post__read-more\" href=\"https:\/\/elprogreso.gob.ec\/azuay\/fiestas-de-parroquializacion\/\" aria-label=\"Read more about FIESTAS DE PARROQUIALIZACION\" tabindex=\"-1\" >\n\t\t\tLeer m\u00e1s \u00bb\t\t<\/a>\n\n\t\t\t\t<\/div>\n\t\t\t\t<div class=\"elementor-post__meta-data\">\n\t\t\t\t\t<span class=\"elementor-post-date\">\n\t\t\t15 octubre, 2013\t\t<\/span>\n\t\t\t\t<\/div>\n\t\t\t\t\t<\/div>\n\t\t<\/article>\n\t\t\t\t<article class=\"elementor-post elementor-grid-item post-123 post type-post status-publish format-standard has-post-thumbnail hentry category-c36-ultimas-noticias post-with-thumbnail post-with-thumbnail-large\">\n\t\t\t<div class=\"elementor-post__card\">\n\t\t\t\t<a class=\"elementor-post__thumbnail__link\" href=\"https:\/\/elprogreso.gob.ec\/azuay\/proyectos\/\" tabindex=\"-1\" ><div class=\"elementor-post__thumbnail\"><img loading=\"lazy\" decoding=\"async\" width=\"300\" height=\"225\" src=\"https:\/\/elprogreso.gob.ec\/azuay\/wp-content\/uploads\/2011\/10\/DSC01424-300x225.jpg\" class=\"attachment-medium size-medium wp-image-116\" alt=\"alt\" srcset=\"https:\/\/elprogreso.gob.ec\/azuay\/wp-content\/uploads\/2011\/10\/DSC01424-300x225.jpg 300w, https:\/\/elprogreso.gob.ec\/azuay\/wp-content\/uploads\/2011\/10\/DSC01424.JPG 640w\" sizes=\"(max-width: 300px) 100vw, 300px\" \/><\/div><\/a>\n\t\t\t\t<div class=\"elementor-post__text\">\n\t\t\t\t<h3 class=\"elementor-post__title\">\n\t\t\t<a href=\"https:\/\/elprogreso.gob.ec\/azuay\/proyectos\/\" >\n\t\t\t\tOBRAS 2013\t\t\t<\/a>\n\t\t<\/h3>\n\t\t\t\t<div class=\"elementor-post__excerpt\">\n\t\t\t<p>LISTADO DE OBRAS REALIZADAS Proyecto 1 Cerramiento del cementerio,colocacion del porton y arreglo de la capilla<\/p>\n\t\t<\/div>\n\t\t\n\t\t<a class=\"elementor-post__read-more\" href=\"https:\/\/elprogreso.gob.ec\/azuay\/proyectos\/\" aria-label=\"Read more about OBRAS 2013\" tabindex=\"-1\" >\n\t\t\tLeer m\u00e1s \u00bb\t\t<\/a>\n\n\t\t\t\t<\/div>\n\t\t\t\t<div class=\"elementor-post__meta-data\">\n\t\t\t\t\t<span class=\"elementor-post-date\">\n\t\t\t4 octubre, 2013\t\t<\/span>\n\t\t\t\t<\/div>\n\t\t\t\t\t<\/div>\n\t\t<\/article>\n\t\t\t\t<article class=\"elementor-post elementor-grid-item post-127 post type-post status-publish format-standard hentry category-sin-categoria\">\n\t\t\t<div class=\"elementor-post__card\">\n\t\t\t\t<div class=\"elementor-post__text\">\n\t\t\t\t<h3 class=\"elementor-post__title\">\n\t\t\t<a href=\"https:\/\/elprogreso.gob.ec\/azuay\/acuerdos-y-resoluciones\/\" >\n\t\t\t\tAcuerdos y Resoluciones\t\t\t<\/a>\n\t\t<\/h3>\n\t\t\t\t<div class=\"elementor-post__excerpt\">\n\t\t\t<p>Acuerdos<\/p>\n\t\t<\/div>\n\t\t\n\t\t<a class=\"elementor-post__read-more\" href=\"https:\/\/elprogreso.gob.ec\/azuay\/acuerdos-y-resoluciones\/\" aria-label=\"Read more about Acuerdos y Resoluciones\" tabindex=\"-1\" >\n\t\t\tLeer m\u00e1s \u00bb\t\t<\/a>\n\n\t\t\t\t<\/div>\n\t\t\t\t<div class=\"elementor-post__meta-data\">\n\t\t\t\t\t<span class=\"elementor-post-date\">\n\t\t\t13 febrero, 2012\t\t<\/span>\n\t\t\t\t<\/div>\n\t\t\t\t\t<\/div>\n\t\t<\/article>\n\t\t\t\t<article class=\"elementor-post elementor-grid-item post-126 post type-post status-publish format-standard hentry category-sin-categoria\">\n\t\t\t<div class=\"elementor-post__card\">\n\t\t\t\t<div class=\"elementor-post__text\">\n\t\t\t\t<h3 class=\"elementor-post__title\">\n\t\t\t<a href=\"https:\/\/elprogreso.gob.ec\/azuay\/artesanias\/\" >\n\t\t\t\tArtesan\u00edas\t\t\t<\/a>\n\t\t<\/h3>\n\t\t\t\t<div class=\"elementor-post__excerpt\">\n\t\t\t<p>Artesan\u00edas<\/p>\n\t\t<\/div>\n\t\t\n\t\t<a class=\"elementor-post__read-more\" href=\"https:\/\/elprogreso.gob.ec\/azuay\/artesanias\/\" aria-label=\"Read more about Artesan\u00edas\" tabindex=\"-1\" >\n\t\t\tLeer m\u00e1s \u00bb\t\t<\/a>\n\n\t\t\t\t<\/div>\n\t\t\t\t<div class=\"elementor-post__meta-data\">\n\t\t\t\t\t<span class=\"elementor-post-date\">\n\t\t\t4 octubre, 2011\t\t<\/span>\n\t\t\t\t<\/div>\n\t\t\t\t\t<\/div>\n\t\t<\/article>\n\t\t\t\t<\/div>\n\t\t\n\t\t\t\t\t\t<\/div>\n\t\t\t\t<\/div>\n\t\t\t\t\t<\/div>\n\t\t<\/div>\n\t\t\t\t\t<\/div>\n\t\t<\/section>\n\t\t\t\t<\/div>\n\t\t","protected":false},"excerpt":{"rendered":"Artesan\u00edas","protected":false},"author":8,"featured_media":0,"parent":0,"menu_order":0,"comment_status":"closed","ping_status":"open","template":"","meta":{"footnotes":""},"class_list":["post-21","page","type-page","status-publish","hentry","post"],"yoast_head":"<!-- This site is optimized with the Yoast SEO plugin v27.1.1 - https:\/\/yoast.com\/product\/yoast-seo-wordpress\/ -->\n<title>Ultimas Noticias - Bienvenidos a la Parroquia de El Progreso<\/title>\n<meta name=\"robots\" content=\"index, follow, max-snippet:-1, max-image-preview:large, max-video-preview:-1\" \/>\n<link rel=\"canonical\" href=\"https:\/\/elprogreso.gob.ec\/azuay\/ultimas-noticias\/\" \/>\n<meta property=\"og:locale\" content=\"es_ES\" \/>\n<meta property=\"og:type\" content=\"article\" \/>\n<meta property=\"og:title\" content=\"Ultimas Noticias - Bienvenidos a la Parroquia de El Progreso\" \/>\n<meta property=\"og:url\" content=\"https:\/\/elprogreso.gob.ec\/azuay\/ultimas-noticias\/\" \/>\n<meta property=\"og:site_name\" content=\"Bienvenidos a la Parroquia de El Progreso\" \/>\n<meta property=\"article:modified_time\" content=\"2020-10-22T01:28:19+00:00\" \/>\n<meta name=\"twitter:card\" content=\"summary_large_image\" \/>\n<script type=\"application\/ld+json\" class=\"yoast-schema-graph\">{\"@context\":\"https:\/\/schema.org\",\"@graph\":[{\"@type\":\"WebPage\",\"@id\":\"https:\/\/elprogreso.gob.ec\/azuay\/ultimas-noticias\/\",\"url\":\"https:\/\/elprogreso.gob.ec\/azuay\/ultimas-noticias\/\",\"name\":\"Ultimas Noticias - Bienvenidos a la Parroquia de El Progreso\",\"isPartOf\":{\"@id\":\"https:\/\/elprogreso.gob.ec\/azuay\/#website\"},\"datePublished\":\"2014-10-24T02:10:00+00:00\",\"dateModified\":\"2020-10-22T01:28:19+00:00\",\"breadcrumb\":{\"@id\":\"https:\/\/elprogreso.gob.ec\/azuay\/ultimas-noticias\/#breadcrumb\"},\"inLanguage\":\"es\",\"potentialAction\":[{\"@type\":\"ReadAction\",\"target\":[\"https:\/\/elprogreso.gob.ec\/azuay\/ultimas-noticias\/\"]}]},{\"@type\":\"BreadcrumbList\",\"@id\":\"https:\/\/elprogreso.gob.ec\/azuay\/ultimas-noticias\/#breadcrumb\",\"itemListElement\":[{\"@type\":\"ListItem\",\"position\":1,\"name\":\"Home\",\"item\":\"https:\/\/elprogreso.gob.ec\/azuay\/\"},{\"@type\":\"ListItem\",\"position\":2,\"name\":\"Ultimas Noticias\"}]},{\"@type\":\"WebSite\",\"@id\":\"https:\/\/elprogreso.gob.ec\/azuay\/#website\",\"url\":\"https:\/\/elprogreso.gob.ec\/azuay\/\",\"name\":\"GAD Parroquial de El Progreso\",\"description\":\"Sitio Oficial del GAD Parroquial El Progreso Azuay\",\"publisher\":{\"@id\":\"https:\/\/elprogreso.gob.ec\/azuay\/#organization\"},\"potentialAction\":[{\"@type\":\"SearchAction\",\"target\":{\"@type\":\"EntryPoint\",\"urlTemplate\":\"https:\/\/elprogreso.gob.ec\/azuay\/?s={search_term_string}\"},\"query-input\":{\"@type\":\"PropertyValueSpecification\",\"valueRequired\":true,\"valueName\":\"search_term_string\"}}],\"inLanguage\":\"es\"},{\"@type\":\"Organization\",\"@id\":\"https:\/\/elprogreso.gob.ec\/azuay\/#organization\",\"name\":\"GAD Parroquial de El Progreso\",\"url\":\"https:\/\/elprogreso.gob.ec\/azuay\/\",\"logo\":{\"@type\":\"ImageObject\",\"inLanguage\":\"es\",\"@id\":\"https:\/\/elprogreso.gob.ec\/azuay\/#\/schema\/logo\/image\/\",\"url\":\"https:\/\/elprogreso.gob.ec\/azuay\/wp-content\/uploads\/2020\/10\/logo.png\",\"contentUrl\":\"https:\/\/elprogreso.gob.ec\/azuay\/wp-content\/uploads\/2020\/10\/logo.png\",\"width\":200,\"height\":150,\"caption\":\"GAD Parroquial de El Progreso\"},\"image\":{\"@id\":\"https:\/\/elprogreso.gob.ec\/azuay\/#\/schema\/logo\/image\/\"}}]}<\/script>\n<!-- \/ Yoast SEO plugin. -->","yoast_head_json":{"title":"Ultimas Noticias - Bienvenidos a la Parroquia de El Progreso","robots":{"index":"index","follow":"follow","max-snippet":"max-snippet:-1","max-image-preview":"max-image-preview:large","max-video-preview":"max-video-preview:-1"},"canonical":"https:\/\/elprogreso.gob.ec\/azuay\/ultimas-noticias\/","og_locale":"es_ES","og_type":"article","og_title":"Ultimas Noticias - Bienvenidos a la Parroquia de El Progreso","og_url":"https:\/\/elprogreso.gob.ec\/azuay\/ultimas-noticias\/","og_site_name":"Bienvenidos a la Parroquia de El Progreso","article_modified_time":"2020-10-22T01:28:19+00:00","twitter_card":"summary_large_image","schema":{"@context":"https:\/\/schema.org","@graph":[{"@type":"WebPage","@id":"https:\/\/elprogreso.gob.ec\/azuay\/ultimas-noticias\/","url":"https:\/\/elprogreso.gob.ec\/azuay\/ultimas-noticias\/","name":"Ultimas Noticias - Bienvenidos a la Parroquia de El Progreso","isPartOf":{"@id":"https:\/\/elprogreso.gob.ec\/azuay\/#website"},"datePublished":"2014-10-24T02:10:00+00:00","dateModified":"2020-10-22T01:28:19+00:00","breadcrumb":{"@id":"https:\/\/elprogreso.gob.ec\/azuay\/ultimas-noticias\/#breadcrumb"},"inLanguage":"es","potentialAction":[{"@type":"ReadAction","target":["https:\/\/elprogreso.gob.ec\/azuay\/ultimas-noticias\/"]}]},{"@type":"BreadcrumbList","@id":"https:\/\/elprogreso.gob.ec\/azuay\/ultimas-noticias\/#breadcrumb","itemListElement":[{"@type":"ListItem","position":1,"name":"Home","item":"https:\/\/elprogreso.gob.ec\/azuay\/"},{"@type":"ListItem","position":2,"name":"Ultimas Noticias"}]},{"@type":"WebSite","@id":"https:\/\/elprogreso.gob.ec\/azuay\/#website","url":"https:\/\/elprogreso.gob.ec\/azuay\/","name":"GAD Parroquial de El Progreso","description":"Sitio Oficial del GAD Parroquial El Progreso Azuay","publisher":{"@id":"https:\/\/elprogreso.gob.ec\/azuay\/#organization"},"potentialAction":[{"@type":"SearchAction","target":{"@type":"EntryPoint","urlTemplate":"https:\/\/elprogreso.gob.ec\/azuay\/?s={search_term_string}"},"query-input":{"@type":"PropertyValueSpecification","valueRequired":true,"valueName":"search_term_string"}}],"inLanguage":"es"},{"@type":"Organization","@id":"https:\/\/elprogreso.gob.ec\/azuay\/#organization","name":"GAD Parroquial de El Progreso","url":"https:\/\/elprogreso.gob.ec\/azuay\/","logo":{"@type":"ImageObject","inLanguage":"es","@id":"https:\/\/elprogreso.gob.ec\/azuay\/#\/schema\/logo\/image\/","url":"https:\/\/elprogreso.gob.ec\/azuay\/wp-content\/uploads\/2020\/10\/logo.png","contentUrl":"https:\/\/elprogreso.gob.ec\/azuay\/wp-content\/uploads\/2020\/10\/logo.png","width":200,"height":150,"caption":"GAD Parroquial de El Progreso"},"image":{"@id":"https:\/\/elprogreso.gob.ec\/azuay\/#\/schema\/logo\/image\/"}}]}},"_links":{"self":[{"href":"https:\/\/elprogreso.gob.ec\/azuay\/wp-json\/wp\/v2\/pages\/21","targetHints":{"allow":["GET"]}}],"collection":[{"href":"https:\/\/elprogreso.gob.ec\/azuay\/wp-json\/wp\/v2\/pages"}],"about":[{"href":"https:\/\/elprogreso.gob.ec\/azuay\/wp-json\/wp\/v2\/types\/page"}],"author":[{"embeddable":true,"href":"https:\/\/elprogreso.gob.ec\/azuay\/wp-json\/wp\/v2\/users\/8"}],"replies":[{"embeddable":true,"href":"https:\/\/elprogreso.gob.ec\/azuay\/wp-json\/wp\/v2\/comments?post=21"}],"version-history":[{"count":2,"href":"https:\/\/elprogreso.gob.ec\/azuay\/wp-json\/wp\/v2\/pages\/21\/revisions"}],"predecessor-version":[{"id":652,"href":"https:\/\/elprogreso.gob.ec\/azuay\/wp-json\/wp\/v2\/pages\/21\/revisions\/652"}],"wp:attachment":[{"href":"https:\/\/elprogreso.gob.ec\/azuay\/wp-json\/wp\/v2\/media?parent=21"}],"curies":[{"name":"wp","href":"https:\/\/api.w.org\/{rel}","templated":true}]}}