{"id":568,"date":"2017-12-11T16:37:18","date_gmt":"2017-12-11T20:37:18","guid":{"rendered":"http:\/\/elprogreso.gob.ec\/azuay\/?page_id=568"},"modified":"2017-12-11T16:37:18","modified_gmt":"2017-12-11T20:37:18","slug":"solicitud-de-acceso-a-la-informacion-publica","status":"publish","type":"page","link":"https:\/\/elprogreso.gob.ec\/azuay\/solicitud-de-acceso-a-la-informacion-publica\/","title":{"rendered":"Solicitud de Acceso a la Informaci\u00f3n P\u00fablica"},"content":{"rendered":"\n<div class=\"wpcf7 no-js\" id=\"wpcf7-f567-o1\" lang=\"es-ES\" dir=\"ltr\" data-wpcf7-id=\"567\">\n<div class=\"screen-reader-response\"><p role=\"status\" aria-live=\"polite\" aria-atomic=\"true\"><\/p> <ul><\/ul><\/div>\n<form action=\"\/azuay\/wp-json\/wp\/v2\/pages\/568#wpcf7-f567-o1\" method=\"post\" class=\"wpcf7-form init\" aria-label=\"Formulario de contacto\" novalidate=\"novalidate\" data-status=\"init\">\n<fieldset class=\"hidden-fields-container\"><input type=\"hidden\" name=\"_wpcf7\" value=\"567\" \/><input type=\"hidden\" name=\"_wpcf7_version\" value=\"6.1.5\" \/><input type=\"hidden\" name=\"_wpcf7_locale\" value=\"es_ES\" \/><input type=\"hidden\" name=\"_wpcf7_unit_tag\" value=\"wpcf7-f567-o1\" \/><input type=\"hidden\" name=\"_wpcf7_container_post\" value=\"0\" \/><input type=\"hidden\" name=\"_wpcf7_posted_data_hash\" value=\"\" \/>\n<\/fieldset>\n<p><label> Fecha:<br \/>\n<\/label><br \/>\n<span class=\"wpcf7-form-control-wrap\" data-name=\"date-1\"><input class=\"wpcf7-form-control wpcf7-date wpcf7-validates-as-date\" aria-invalid=\"false\" value=\"\" type=\"date\" name=\"date-1\" \/><\/span><br \/>\n<label> Ciudad:<br \/>\n<span class=\"wpcf7-form-control-wrap\" data-name=\"your-ciudad\"><input size=\"40\" maxlength=\"400\" class=\"wpcf7-form-control wpcf7-text wpcf7-validates-as-required\" aria-required=\"true\" aria-invalid=\"false\" value=\"\" type=\"text\" name=\"your-ciudad\" \/><\/span> <\/label><br \/>\n<label> Instituci\u00f3n:<\/label><br \/>\n<span class=\"wpcf7-form-control-wrap\" data-name=\"text-1\"><input size=\"40\" maxlength=\"400\" class=\"wpcf7-form-control wpcf7-text\" aria-invalid=\"false\" value=\"\" type=\"text\" name=\"text-1\" \/><\/span><br \/>\n<label> Autoridad: <\/label><br \/>\n<span class=\"wpcf7-form-control-wrap\" data-name=\"text-2\"><input size=\"40\" maxlength=\"400\" class=\"wpcf7-form-control wpcf7-text\" aria-invalid=\"false\" value=\"\" type=\"text\" name=\"text-2\" \/><\/span><br \/>\n<label>-----------------------------------------------------------------------<\/label><br \/>\n<label> IDENTIFICACI\u00d3N DEL SOLICITANTE <\/label><br \/>\n<label> Nombre y apellido<br \/>\n<span class=\"wpcf7-form-control-wrap\" data-name=\"your-name\"><input size=\"40\" maxlength=\"400\" class=\"wpcf7-form-control wpcf7-text wpcf7-validates-as-required\" aria-required=\"true\" aria-invalid=\"false\" value=\"\" type=\"text\" name=\"your-name\" \/><\/span> <\/label><br \/>\n<label> C\u00e9dula<br \/>\n<span class=\"wpcf7-form-control-wrap\" data-name=\"your-cedula\"><input size=\"40\" maxlength=\"400\" class=\"wpcf7-form-control wpcf7-text wpcf7-validates-as-required\" aria-required=\"true\" aria-invalid=\"false\" value=\"\" type=\"text\" name=\"your-cedula\" \/><\/span> <\/label><br \/>\n<label> Direcci\u00f3n Domiciliaria<br \/>\n<span class=\"wpcf7-form-control-wrap\" data-name=\"your-direccion\"><input size=\"40\" maxlength=\"400\" class=\"wpcf7-form-control wpcf7-text wpcf7-validates-as-required\" aria-required=\"true\" aria-invalid=\"false\" value=\"\" type=\"text\" name=\"your-direccion\" \/><\/span> <\/label><br \/>\n<label> Email<br \/>\n<span class=\"wpcf7-form-control-wrap\" data-name=\"your-email\"><input size=\"40\" maxlength=\"400\" class=\"wpcf7-form-control wpcf7-text wpcf7-validates-as-required\" aria-required=\"true\" aria-invalid=\"false\" value=\"\" type=\"text\" name=\"your-email\" \/><\/span> <\/label><br \/>\n<label> Tel\u00e9fono Fijo o Celular<\/label><br \/>\n<span class=\"wpcf7-form-control-wrap\" data-name=\"tel-1\"><input size=\"40\" maxlength=\"400\" class=\"wpcf7-form-control wpcf7-tel wpcf7-text wpcf7-validates-as-tel\" aria-invalid=\"false\" value=\"\" type=\"tel\" name=\"tel-1\" \/><\/span><br \/>\n<label>-----------------------------------------------------------------------<\/label><br \/>\n<label> PETICI\u00d3N CONCRETA <\/label><br \/>\n<span class=\"wpcf7-form-control-wrap\" data-name=\"textarea-1\"><textarea cols=\"40\" rows=\"10\" maxlength=\"2000\" class=\"wpcf7-form-control wpcf7-textarea\" aria-invalid=\"false\" name=\"textarea-1\">Identifique de manera clara y concreta la informaci\u00f3n p\u00fablica que desea solicitar a la instituci\u00f3n:<\/textarea><\/span><br \/>\n<label>-----------------------------------------------------------------------<\/label><br \/>\n<label> FORMA DE RECEPCI\u00d3N DE LA INFORMACI\u00d3N SOLICITADA <\/label><br \/>\n<span class=\"wpcf7-form-control-wrap\" data-name=\"radio-1\"><span class=\"wpcf7-form-control wpcf7-radio\"><span class=\"wpcf7-list-item first\"><input type=\"radio\" name=\"radio-1\" value=\"Retiro de la informaci\u00f3n en la instituci\u00f3n\" checked=\"checked\" \/><span class=\"wpcf7-list-item-label\">Retiro de la informaci\u00f3n en la instituci\u00f3n<\/span><\/span><span class=\"wpcf7-list-item last\"><input type=\"radio\" name=\"radio-1\" value=\"Email\" \/><span class=\"wpcf7-list-item-label\">Email<\/span><\/span><\/span><\/span><br \/>\n<label>-----------------------------------------------------------------------<\/label><br \/>\n<label> FORMATO DE ENTREGA <\/label><br \/>\n<span class=\"wpcf7-form-control-wrap\" data-name=\"radio-2\"><span class=\"wpcf7-form-control wpcf7-radio\"><span class=\"wpcf7-list-item first\"><input type=\"radio\" name=\"radio-2\" value=\"Copia en papel\" \/><span class=\"wpcf7-list-item-label\">Copia en papel<\/span><\/span><span class=\"wpcf7-list-item\"><input type=\"radio\" name=\"radio-2\" value=\"cd\" \/><span class=\"wpcf7-list-item-label\">cd<\/span><\/span><span class=\"wpcf7-list-item last\"><input type=\"radio\" name=\"radio-2\" value=\"Formato electr\u00f3nico digital\" \/><span class=\"wpcf7-list-item-label\">Formato electr\u00f3nico digital<\/span><\/span><\/span><\/span><span class=\"wpcf7-form-control-wrap\" data-name=\"menu-1\"><select class=\"wpcf7-form-control wpcf7-select\" aria-invalid=\"false\" name=\"menu-1\"><option value=\"\"><\/option><option value=\"PDF\">PDF<\/option><option value=\"Word\">Word<\/option><option value=\"Excel\">Excel<\/option><option value=\"Otros\">Otros<\/option><\/select><\/span><br \/>\n<input class=\"wpcf7-form-control wpcf7-submit has-spinner\" type=\"submit\" value=\"Enviar\" \/>\n<\/p><div class=\"wpcf7-response-output\" aria-hidden=\"true\"><\/div>\n<\/form>\n<\/div>\n\n","protected":false},"excerpt":{"rendered":"Fecha: Ciudad: Instituci\u00f3n: Autoridad: ----------------------------------------------------------------------- IDENTIFICACI\u00d3N DEL SOLICITANTE Nombre y apellido C\u00e9dula Direcci\u00f3n Domiciliaria Email Tel\u00e9fono Fijo o Celular ----------------------------------------------------------------------- PETICI\u00d3N CONCRETA Identifique de manera clara y concreta la informaci\u00f3n p\u00fablica que desea solicitar a la instituci\u00f3n: ----------------------------------------------------------------------- FORMA DE RECEPCI\u00d3N DE LA INFORMACI\u00d3N SOLICITADA Retiro de la informaci\u00f3n en la instituci\u00f3nEmail ----------------------------------------------------------------------- FORMATO DE [...]","protected":false},"author":8,"featured_media":0,"parent":0,"menu_order":0,"comment_status":"closed","ping_status":"closed","template":"","meta":{"footnotes":""},"class_list":["post-568","page","type-page","status-publish","hentry","post"],"yoast_head":"<!-- This site is optimized with the Yoast SEO plugin v27.1.1 - https:\/\/yoast.com\/product\/yoast-seo-wordpress\/ -->\n<title>Solicitud de Acceso a la Informaci\u00f3n P\u00fablica - Bienvenidos a la Parroquia de El Progreso<\/title>\n<meta name=\"robots\" content=\"index, follow, max-snippet:-1, max-image-preview:large, max-video-preview:-1\" \/>\n<link rel=\"canonical\" href=\"https:\/\/elprogreso.gob.ec\/azuay\/solicitud-de-acceso-a-la-informacion-publica\/\" \/>\n<meta property=\"og:locale\" content=\"es_ES\" \/>\n<meta property=\"og:type\" content=\"article\" \/>\n<meta property=\"og:title\" content=\"Solicitud de Acceso a la Informaci\u00f3n P\u00fablica - Bienvenidos a la Parroquia de El Progreso\" \/>\n<meta property=\"og:url\" content=\"https:\/\/elprogreso.gob.ec\/azuay\/solicitud-de-acceso-a-la-informacion-publica\/\" \/>\n<meta property=\"og:site_name\" content=\"Bienvenidos a la Parroquia de El Progreso\" \/>\n<meta name=\"twitter:card\" content=\"summary_large_image\" \/>\n<script type=\"application\/ld+json\" class=\"yoast-schema-graph\">{\"@context\":\"https:\/\/schema.org\",\"@graph\":[{\"@type\":\"WebPage\",\"@id\":\"https:\/\/elprogreso.gob.ec\/azuay\/solicitud-de-acceso-a-la-informacion-publica\/\",\"url\":\"https:\/\/elprogreso.gob.ec\/azuay\/solicitud-de-acceso-a-la-informacion-publica\/\",\"name\":\"Solicitud de Acceso a la Informaci\u00f3n P\u00fablica - Bienvenidos a la Parroquia de El Progreso\",\"isPartOf\":{\"@id\":\"https:\/\/elprogreso.gob.ec\/azuay\/#website\"},\"datePublished\":\"2017-12-11T20:37:18+00:00\",\"breadcrumb\":{\"@id\":\"https:\/\/elprogreso.gob.ec\/azuay\/solicitud-de-acceso-a-la-informacion-publica\/#breadcrumb\"},\"inLanguage\":\"es\",\"potentialAction\":[{\"@type\":\"ReadAction\",\"target\":[\"https:\/\/elprogreso.gob.ec\/azuay\/solicitud-de-acceso-a-la-informacion-publica\/\"]}]},{\"@type\":\"BreadcrumbList\",\"@id\":\"https:\/\/elprogreso.gob.ec\/azuay\/solicitud-de-acceso-a-la-informacion-publica\/#breadcrumb\",\"itemListElement\":[{\"@type\":\"ListItem\",\"position\":1,\"name\":\"Home\",\"item\":\"https:\/\/elprogreso.gob.ec\/azuay\/\"},{\"@type\":\"ListItem\",\"position\":2,\"name\":\"Solicitud de Acceso a la Informaci\u00f3n P\u00fablica\"}]},{\"@type\":\"WebSite\",\"@id\":\"https:\/\/elprogreso.gob.ec\/azuay\/#website\",\"url\":\"https:\/\/elprogreso.gob.ec\/azuay\/\",\"name\":\"GAD Parroquial de El Progreso\",\"description\":\"Sitio Oficial del GAD Parroquial El Progreso Azuay\",\"publisher\":{\"@id\":\"https:\/\/elprogreso.gob.ec\/azuay\/#organization\"},\"potentialAction\":[{\"@type\":\"SearchAction\",\"target\":{\"@type\":\"EntryPoint\",\"urlTemplate\":\"https:\/\/elprogreso.gob.ec\/azuay\/?s={search_term_string}\"},\"query-input\":{\"@type\":\"PropertyValueSpecification\",\"valueRequired\":true,\"valueName\":\"search_term_string\"}}],\"inLanguage\":\"es\"},{\"@type\":\"Organization\",\"@id\":\"https:\/\/elprogreso.gob.ec\/azuay\/#organization\",\"name\":\"GAD Parroquial de El Progreso\",\"url\":\"https:\/\/elprogreso.gob.ec\/azuay\/\",\"logo\":{\"@type\":\"ImageObject\",\"inLanguage\":\"es\",\"@id\":\"https:\/\/elprogreso.gob.ec\/azuay\/#\/schema\/logo\/image\/\",\"url\":\"https:\/\/elprogreso.gob.ec\/azuay\/wp-content\/uploads\/2020\/10\/logo.png\",\"contentUrl\":\"https:\/\/elprogreso.gob.ec\/azuay\/wp-content\/uploads\/2020\/10\/logo.png\",\"width\":200,\"height\":150,\"caption\":\"GAD Parroquial de El Progreso\"},\"image\":{\"@id\":\"https:\/\/elprogreso.gob.ec\/azuay\/#\/schema\/logo\/image\/\"}}]}<\/script>\n<!-- \/ Yoast SEO plugin. -->","yoast_head_json":{"title":"Solicitud de Acceso a la Informaci\u00f3n P\u00fablica - Bienvenidos a la Parroquia de El Progreso","robots":{"index":"index","follow":"follow","max-snippet":"max-snippet:-1","max-image-preview":"max-image-preview:large","max-video-preview":"max-video-preview:-1"},"canonical":"https:\/\/elprogreso.gob.ec\/azuay\/solicitud-de-acceso-a-la-informacion-publica\/","og_locale":"es_ES","og_type":"article","og_title":"Solicitud de Acceso a la Informaci\u00f3n P\u00fablica - Bienvenidos a la Parroquia de El Progreso","og_url":"https:\/\/elprogreso.gob.ec\/azuay\/solicitud-de-acceso-a-la-informacion-publica\/","og_site_name":"Bienvenidos a la Parroquia de El Progreso","twitter_card":"summary_large_image","schema":{"@context":"https:\/\/schema.org","@graph":[{"@type":"WebPage","@id":"https:\/\/elprogreso.gob.ec\/azuay\/solicitud-de-acceso-a-la-informacion-publica\/","url":"https:\/\/elprogreso.gob.ec\/azuay\/solicitud-de-acceso-a-la-informacion-publica\/","name":"Solicitud de Acceso a la Informaci\u00f3n P\u00fablica - Bienvenidos a la Parroquia de El Progreso","isPartOf":{"@id":"https:\/\/elprogreso.gob.ec\/azuay\/#website"},"datePublished":"2017-12-11T20:37:18+00:00","breadcrumb":{"@id":"https:\/\/elprogreso.gob.ec\/azuay\/solicitud-de-acceso-a-la-informacion-publica\/#breadcrumb"},"inLanguage":"es","potentialAction":[{"@type":"ReadAction","target":["https:\/\/elprogreso.gob.ec\/azuay\/solicitud-de-acceso-a-la-informacion-publica\/"]}]},{"@type":"BreadcrumbList","@id":"https:\/\/elprogreso.gob.ec\/azuay\/solicitud-de-acceso-a-la-informacion-publica\/#breadcrumb","itemListElement":[{"@type":"ListItem","position":1,"name":"Home","item":"https:\/\/elprogreso.gob.ec\/azuay\/"},{"@type":"ListItem","position":2,"name":"Solicitud de Acceso a la Informaci\u00f3n P\u00fablica"}]},{"@type":"WebSite","@id":"https:\/\/elprogreso.gob.ec\/azuay\/#website","url":"https:\/\/elprogreso.gob.ec\/azuay\/","name":"GAD Parroquial de El Progreso","description":"Sitio Oficial del GAD Parroquial El Progreso Azuay","publisher":{"@id":"https:\/\/elprogreso.gob.ec\/azuay\/#organization"},"potentialAction":[{"@type":"SearchAction","target":{"@type":"EntryPoint","urlTemplate":"https:\/\/elprogreso.gob.ec\/azuay\/?s={search_term_string}"},"query-input":{"@type":"PropertyValueSpecification","valueRequired":true,"valueName":"search_term_string"}}],"inLanguage":"es"},{"@type":"Organization","@id":"https:\/\/elprogreso.gob.ec\/azuay\/#organization","name":"GAD Parroquial de El Progreso","url":"https:\/\/elprogreso.gob.ec\/azuay\/","logo":{"@type":"ImageObject","inLanguage":"es","@id":"https:\/\/elprogreso.gob.ec\/azuay\/#\/schema\/logo\/image\/","url":"https:\/\/elprogreso.gob.ec\/azuay\/wp-content\/uploads\/2020\/10\/logo.png","contentUrl":"https:\/\/elprogreso.gob.ec\/azuay\/wp-content\/uploads\/2020\/10\/logo.png","width":200,"height":150,"caption":"GAD Parroquial de El Progreso"},"image":{"@id":"https:\/\/elprogreso.gob.ec\/azuay\/#\/schema\/logo\/image\/"}}]}},"_links":{"self":[{"href":"https:\/\/elprogreso.gob.ec\/azuay\/wp-json\/wp\/v2\/pages\/568","targetHints":{"allow":["GET"]}}],"collection":[{"href":"https:\/\/elprogreso.gob.ec\/azuay\/wp-json\/wp\/v2\/pages"}],"about":[{"href":"https:\/\/elprogreso.gob.ec\/azuay\/wp-json\/wp\/v2\/types\/page"}],"author":[{"embeddable":true,"href":"https:\/\/elprogreso.gob.ec\/azuay\/wp-json\/wp\/v2\/users\/8"}],"replies":[{"embeddable":true,"href":"https:\/\/elprogreso.gob.ec\/azuay\/wp-json\/wp\/v2\/comments?post=568"}],"version-history":[{"count":1,"href":"https:\/\/elprogreso.gob.ec\/azuay\/wp-json\/wp\/v2\/pages\/568\/revisions"}],"predecessor-version":[{"id":569,"href":"https:\/\/elprogreso.gob.ec\/azuay\/wp-json\/wp\/v2\/pages\/568\/revisions\/569"}],"wp:attachment":[{"href":"https:\/\/elprogreso.gob.ec\/azuay\/wp-json\/wp\/v2\/media?parent=568"}],"curies":[{"name":"wp","href":"https:\/\/api.w.org\/{rel}","templated":true}]}}